{"id":884,"date":"2024-01-27T22:33:05","date_gmt":"2024-01-27T22:33:05","guid":{"rendered":"http:\/\/ficfigueiredo.com.br\/?page_id=884"},"modified":"2024-08-25T18:40:33","modified_gmt":"2024-08-25T18:40:33","slug":"blog","status":"publish","type":"page","link":"https:\/\/ficfigueiredo.com.br\/blog\/","title":{"rendered":"Blog"},"content":{"rendered":"\t\t<div data-elementor-type=\"wp-page\" data-elementor-id=\"884\" class=\"elementor elementor-884\" data-elementor-settings=\"{&quot;ha_cmc_init_switcher&quot;:&quot;no&quot;}\" data-elementor-post-type=\"page\">\n\t\t\t\t<div class=\"elementor-element elementor-element-c9db82c e-flex e-con-boxed e-con e-parent\" data-id=\"c9db82c\" data-element_type=\"container\" data-e-type=\"container\" data-settings=\"{&quot;background_background&quot;:&quot;classic&quot;,&quot;_ha_eqh_enable&quot;:false}\">\n\t\t\t\t\t<div class=\"e-con-inner\">\n\t\t<div class=\"elementor-element elementor-element-f38eb99 e-con-full e-flex e-con e-child\" data-id=\"f38eb99\" data-element_type=\"container\" data-e-type=\"container\" data-settings=\"{&quot;_ha_eqh_enable&quot;:false}\">\n\t\t\t\t<div class=\"elementor-element elementor-element-e9816fa elementor-widget elementor-widget-heading\" data-id=\"e9816fa\" data-element_type=\"widget\" data-e-type=\"widget\" data-widget_type=\"heading.default\">\n\t\t\t\t<div class=\"elementor-widget-container\">\n\t\t\t\t\t<h1 class=\"elementor-heading-title elementor-size-default\">Conte\u00fados Exclusivos para voc\u00ea:\n\n<\/h1>\t\t\t\t<\/div>\n\t\t\t\t<\/div>\n\t\t\t\t<div class=\"elementor-element elementor-element-b4cce73 elementor-widget elementor-widget-text-editor\" data-id=\"b4cce73\" data-element_type=\"widget\" data-e-type=\"widget\" data-widget_type=\"text-editor.default\">\n\t\t\t\t<div class=\"elementor-widget-container\">\n\t\t\t\t\t\t\t\t\t<p>Acesse o nosso blog e tenha acesso a diversos artigos e not\u00edcia sobre as novidades do mundo empresarial!<\/p>\t\t\t\t\t\t\t\t<\/div>\n\t\t\t\t<\/div>\n\t\t\t\t<\/div>\n\t\t\t\t\t<\/div>\n\t\t\t\t<\/div>\n\t\t<div class=\"elementor-element elementor-element-59b8c94 e-flex e-con-boxed e-con e-parent\" data-id=\"59b8c94\" data-element_type=\"container\" data-e-type=\"container\" data-settings=\"{&quot;background_background&quot;:&quot;classic&quot;,&quot;_ha_eqh_enable&quot;:false}\">\n\t\t\t\t\t<div class=\"e-con-inner\">\n\t\t\t\t<div class=\"elementor-element elementor-element-16353b7 hfe-search-layout-icon_text elementor-widget elementor-widget-hfe-search-button\" data-id=\"16353b7\" data-element_type=\"widget\" data-e-type=\"widget\" data-settings=\"{&quot;size&quot;:{&quot;unit&quot;:&quot;px&quot;,&quot;size&quot;:23,&quot;sizes&quot;:[]},&quot;icon_size&quot;:{&quot;unit&quot;:&quot;px&quot;,&quot;size&quot;:19,&quot;sizes&quot;:[]},&quot;button_width&quot;:{&quot;unit&quot;:&quot;px&quot;,&quot;size&quot;:135,&quot;sizes&quot;:[]},&quot;size_tablet&quot;:{&quot;unit&quot;:&quot;px&quot;,&quot;size&quot;:&quot;&quot;,&quot;sizes&quot;:[]},&quot;size_mobile&quot;:{&quot;unit&quot;:&quot;px&quot;,&quot;size&quot;:&quot;&quot;,&quot;sizes&quot;:[]},&quot;icon_size_tablet&quot;:{&quot;unit&quot;:&quot;px&quot;,&quot;size&quot;:&quot;&quot;,&quot;sizes&quot;:[]},&quot;icon_size_mobile&quot;:{&quot;unit&quot;:&quot;px&quot;,&quot;size&quot;:&quot;&quot;,&quot;sizes&quot;:[]},&quot;button_width_tablet&quot;:{&quot;unit&quot;:&quot;px&quot;,&quot;size&quot;:&quot;&quot;,&quot;sizes&quot;:[]},&quot;button_width_mobile&quot;:{&quot;unit&quot;:&quot;px&quot;,&quot;size&quot;:&quot;&quot;,&quot;sizes&quot;:[]},&quot;close_icon_size&quot;:{&quot;unit&quot;:&quot;px&quot;,&quot;size&quot;:&quot;20&quot;,&quot;sizes&quot;:[]},&quot;close_icon_size_tablet&quot;:{&quot;unit&quot;:&quot;px&quot;,&quot;size&quot;:&quot;&quot;,&quot;sizes&quot;:[]},&quot;close_icon_size_mobile&quot;:{&quot;unit&quot;:&quot;px&quot;,&quot;size&quot;:&quot;&quot;,&quot;sizes&quot;:[]}}\" data-widget_type=\"hfe-search-button.default\">\n\t\t\t\t<div class=\"elementor-widget-container\">\n\t\t\t\t\t\t\t<form class=\"hfe-search-button-wrapper\" role=\"search\" action=\"https:\/\/ficfigueiredo.com.br\/blog\/\" method=\"get\">\n\n\t\t\t\t\t\t<div class=\"hfe-search-form__container\" role=\"tablist\">\n\t\t\t\t\t\t\t\t\t<input placeholder=\"Pesquisar\" class=\"hfe-search-form__input\" type=\"search\" name=\"s\" title=\"Search\" value=\"\">\n\t\t\t\t\t<button id=\"clear-with-button\" type=\"reset\">\n\t\t\t\t\t\t<i class=\"fas fa-times\" aria-hidden=\"true\"><\/i>\n\t\t\t\t\t<\/button>\n\t\t\t\t\t<button class=\"hfe-search-submit\" type=\"submit\">\n\t\t\t\t\t\t<i class=\"fas fa-search\" aria-hidden=\"true\"><\/i>\n\t\t\t\t\t<\/button>\n\t\t\t\t\t\t\t<\/div>\n\t\t\t\t<\/form>\n\t\t\t\t\t\t<\/div>\n\t\t\t\t<\/div>\n\t\t\t\t\t<\/div>\n\t\t\t\t<\/div>\n\t\t<div class=\"elementor-element elementor-element-76efd43 e-flex e-con-boxed e-con e-parent\" data-id=\"76efd43\" data-element_type=\"container\" data-e-type=\"container\" data-settings=\"{&quot;background_background&quot;:&quot;classic&quot;,&quot;_ha_eqh_enable&quot;:false}\">\n\t\t\t\t\t<div class=\"e-con-inner\">\n\t\t\t\t<div class=\"elementor-element elementor-element-09d8f57 elementor-grid-eael-col-3 elementor-grid-tablet-eael-col-2 elementor-grid-mobile-eael-col-1 elementor-widget elementor-widget-eael-post-grid\" data-id=\"09d8f57\" data-element_type=\"widget\" data-e-type=\"widget\" data-settings=\"{&quot;eael_post_grid_columns&quot;:&quot;eael-col-3&quot;,&quot;eael_post_grid_columns_tablet&quot;:&quot;eael-col-2&quot;,&quot;eael_post_grid_columns_mobile&quot;:&quot;eael-col-1&quot;}\" data-widget_type=\"eael-post-grid.default\">\n\t\t\t\t<div class=\"elementor-widget-container\">\n\t\t\t\t\t<div id=\"eael-post-grid-09d8f57\" class=\"eael-post-grid-container\">\n            <div class=\"eael-post-grid eael-post-appender eael-post-appender-09d8f57 eael-post-grid-style-one\" data-layout-mode=\"grid\"><article class=\"eael-grid-post  eael-post-grid-column eael-pg-post-1492 category-uncategorized\" data-id=\"1492\">\n        <div class=\"eael-grid-post-holder\">\n            <div class=\"eael-grid-post-holder-inner\"><div class=\"eael-entry-media\"><div class=\"eael-entry-overlay fade-in\"><i class=\"fas fa-long-arrow-alt-right\" aria-hidden=\"true\"><\/i><a href=\"https:\/\/ficfigueiredo.com.br\/blog\/consultoria-tributario-em-sao-paulo\/\"><\/a><\/div><div class=\"eael-entry-thumbnail \">\n                <img fetchpriority=\"high\" decoding=\"async\" width=\"1500\" height=\"844\" src=\"https:\/\/ficfigueiredo.com.br\/blog\/wp-content\/uploads\/2024\/08\/consultoria-tributario-em-sao-paulo-1920w.webp\" class=\"attachment-full size-full wp-image-1321\" alt=\"\" srcset=\"https:\/\/ficfigueiredo.com.br\/blog\/wp-content\/uploads\/2024\/08\/consultoria-tributario-em-sao-paulo-1920w.webp 1500w, https:\/\/ficfigueiredo.com.br\/blog\/wp-content\/uploads\/2024\/08\/consultoria-tributario-em-sao-paulo-1920w-300x169.webp 300w, https:\/\/ficfigueiredo.com.br\/blog\/wp-content\/uploads\/2024\/08\/consultoria-tributario-em-sao-paulo-1920w-1024x576.webp 1024w, https:\/\/ficfigueiredo.com.br\/blog\/wp-content\/uploads\/2024\/08\/consultoria-tributario-em-sao-paulo-1920w-768x432.webp 768w\" sizes=\"(max-width: 1500px) 100vw, 1500px\" \/>\n            <\/div>\n        <\/div><div class=\"eael-entry-wrapper\"><header class=\"eael-entry-header\"><h2 class=\"eael-entry-title\"><a class=\"eael-grid-post-link\" href=\"https:\/\/ficfigueiredo.com.br\/blog\/consultoria-tributario-em-sao-paulo\/\" title=\"Consultoria Tribut\u00e1ria em S\u00e3o Paulo-SP: conhe\u00e7a as solu\u00e7\u00f5es da Fic Figueiredo\">Consultoria Tribut\u00e1ria em S\u00e3o Paulo-SP: conhe\u00e7a as solu\u00e7\u00f5es da Fic Figueiredo<\/a><\/h2><\/header><div class=\"eael-entry-content\">\n                        <div class=\"eael-grid-post-excerpt\"><p>A cidade de S\u00e3o Paulo det\u00e9m o posto de maior...<\/p><a href=\"https:\/\/ficfigueiredo.com.br\/blog\/consultoria-tributario-em-sao-paulo\/\" class=\"eael-post-elements-readmore-btn\">Ler Mais<\/a><\/div>\n                    <\/div><\/div><\/div>\n        <\/div>\n    <\/article><article class=\"eael-grid-post  eael-post-grid-column eael-pg-post-1493 category-uncategorized\" data-id=\"1493\">\n        <div class=\"eael-grid-post-holder\">\n            <div class=\"eael-grid-post-holder-inner\"><div class=\"eael-entry-media\"><div class=\"eael-entry-overlay fade-in\"><i class=\"fas fa-long-arrow-alt-right\" aria-hidden=\"true\"><\/i><a href=\"https:\/\/ficfigueiredo.com.br\/blog\/regime-optativo-de-tributacao\/\"><\/a><\/div><div class=\"eael-entry-thumbnail \">\n                <img decoding=\"async\" width=\"1000\" height=\"563\" src=\"https:\/\/ficfigueiredo.com.br\/blog\/wp-content\/uploads\/2024\/08\/substituicao-tributaria-1920w.webp\" class=\"attachment-full size-full wp-image-1318\" alt=\"\" srcset=\"https:\/\/ficfigueiredo.com.br\/blog\/wp-content\/uploads\/2024\/08\/substituicao-tributaria-1920w.webp 1000w, https:\/\/ficfigueiredo.com.br\/blog\/wp-content\/uploads\/2024\/08\/substituicao-tributaria-1920w-300x169.webp 300w, https:\/\/ficfigueiredo.com.br\/blog\/wp-content\/uploads\/2024\/08\/substituicao-tributaria-1920w-768x432.webp 768w\" sizes=\"(max-width: 1000px) 100vw, 1000px\" \/>\n            <\/div>\n        <\/div><div class=\"eael-entry-wrapper\"><header class=\"eael-entry-header\"><h2 class=\"eael-entry-title\"><a class=\"eael-grid-post-link\" href=\"https:\/\/ficfigueiredo.com.br\/blog\/regime-optativo-de-tributacao\/\" title=\"Regime Optativo de Tributa\u00e7\u00e3o da Substitui\u00e7\u00e3o Tribut\u00e1ria\">Regime Optativo de Tributa\u00e7\u00e3o da Substitui\u00e7\u00e3o Tribut\u00e1ria<\/a><\/h2><\/header><div class=\"eael-entry-content\">\n                        <div class=\"eael-grid-post-excerpt\"><p>Na maior parte do tempo, impostos s\u00e3o enxergados como vil\u00f5es...<\/p><a href=\"https:\/\/ficfigueiredo.com.br\/blog\/regime-optativo-de-tributacao\/\" class=\"eael-post-elements-readmore-btn\">Ler Mais<\/a><\/div>\n                    <\/div><\/div><\/div>\n        <\/div>\n    <\/article><article class=\"eael-grid-post  eael-post-grid-column eael-pg-post-1494 category-uncategorized\" data-id=\"1494\">\n        <div class=\"eael-grid-post-holder\">\n            <div class=\"eael-grid-post-holder-inner\"><div class=\"eael-entry-media\"><div class=\"eael-entry-overlay fade-in\"><i class=\"fas fa-long-arrow-alt-right\" aria-hidden=\"true\"><\/i><a href=\"https:\/\/ficfigueiredo.com.br\/blog\/empreendedorismo-digital-vantagens\/\"><\/a><\/div><div class=\"eael-entry-thumbnail \">\n                <img decoding=\"async\" width=\"640\" height=\"461\" src=\"https:\/\/ficfigueiredo.com.br\/blog\/wp-content\/uploads\/2024\/08\/4.webp\" class=\"attachment-full size-full wp-image-1511\" alt=\"\" srcset=\"https:\/\/ficfigueiredo.com.br\/blog\/wp-content\/uploads\/2024\/08\/4.webp 640w, https:\/\/ficfigueiredo.com.br\/blog\/wp-content\/uploads\/2024\/08\/4-300x216.webp 300w\" sizes=\"(max-width: 640px) 100vw, 640px\" \/>\n            <\/div>\n        <\/div><div class=\"eael-entry-wrapper\"><header class=\"eael-entry-header\"><h2 class=\"eael-entry-title\"><a class=\"eael-grid-post-link\" href=\"https:\/\/ficfigueiredo.com.br\/blog\/empreendedorismo-digital-vantagens\/\" title=\"Empreendedorismo digital: o que \u00e9 e vantagens\">Empreendedorismo digital: o que \u00e9 e vantagens<\/a><\/h2><\/header><div class=\"eael-entry-content\">\n                        <div class=\"eael-grid-post-excerpt\"><p>Os empreendimentos digitais, que j\u00e1 estavam ganhando visibilidade na \u00faltima...<\/p><a href=\"https:\/\/ficfigueiredo.com.br\/blog\/empreendedorismo-digital-vantagens\/\" class=\"eael-post-elements-readmore-btn\">Ler Mais<\/a><\/div>\n                    <\/div><\/div><\/div>\n        <\/div>\n    <\/article><article class=\"eael-grid-post  eael-post-grid-column eael-pg-post-1513 category-uncategorized\" data-id=\"1513\">\n        <div class=\"eael-grid-post-holder\">\n            <div class=\"eael-grid-post-holder-inner\"><div class=\"eael-entry-media\"><div class=\"eael-entry-overlay fade-in\"><i class=\"fas fa-long-arrow-alt-right\" aria-hidden=\"true\"><\/i><a href=\"https:\/\/ficfigueiredo.com.br\/blog\/metricas-empresariais-de-sucesso\/\"><\/a><\/div><div class=\"eael-entry-thumbnail \">\n                <img loading=\"lazy\" decoding=\"async\" width=\"640\" height=\"427\" src=\"https:\/\/ficfigueiredo.com.br\/blog\/wp-content\/uploads\/2024\/08\/metricas-empresariais-640w.webp\" class=\"attachment-full size-full wp-image-1514\" alt=\"\" srcset=\"https:\/\/ficfigueiredo.com.br\/blog\/wp-content\/uploads\/2024\/08\/metricas-empresariais-640w.webp 640w, https:\/\/ficfigueiredo.com.br\/blog\/wp-content\/uploads\/2024\/08\/metricas-empresariais-640w-300x200.webp 300w\" sizes=\"(max-width: 640px) 100vw, 640px\" \/>\n            <\/div>\n        <\/div><div class=\"eael-entry-wrapper\"><header class=\"eael-entry-header\"><h2 class=\"eael-entry-title\"><a class=\"eael-grid-post-link\" href=\"https:\/\/ficfigueiredo.com.br\/blog\/metricas-empresariais-de-sucesso\/\" title=\"M\u00e9tricas empresariais para qualquer empresa que quer ter sucesso\">M\u00e9tricas empresariais para qualquer empresa que quer ter sucesso<\/a><\/h2><\/header><div class=\"eael-entry-content\">\n                        <div class=\"eael-grid-post-excerpt\"><p>Gerir uma empresa significa lidar constantemente com n\u00fameros que precisam...<\/p><a href=\"https:\/\/ficfigueiredo.com.br\/blog\/metricas-empresariais-de-sucesso\/\" class=\"eael-post-elements-readmore-btn\">Ler Mais<\/a><\/div>\n                    <\/div><\/div><\/div>\n        <\/div>\n    <\/article><article class=\"eael-grid-post  eael-post-grid-column eael-pg-post-1520 category-uncategorized\" data-id=\"1520\">\n        <div class=\"eael-grid-post-holder\">\n            <div class=\"eael-grid-post-holder-inner\"><div class=\"eael-entry-media\"><div class=\"eael-entry-overlay fade-in\"><i class=\"fas fa-long-arrow-alt-right\" aria-hidden=\"true\"><\/i><a href=\"https:\/\/ficfigueiredo.com.br\/blog\/fim-da-dirf\/\"><\/a><\/div><div class=\"eael-entry-thumbnail \">\n                <img loading=\"lazy\" decoding=\"async\" width=\"640\" height=\"427\" src=\"https:\/\/ficfigueiredo.com.br\/blog\/wp-content\/uploads\/2024\/08\/fim-dirv-640w.webp\" class=\"attachment-full size-full wp-image-1521\" alt=\"\" srcset=\"https:\/\/ficfigueiredo.com.br\/blog\/wp-content\/uploads\/2024\/08\/fim-dirv-640w.webp 640w, https:\/\/ficfigueiredo.com.br\/blog\/wp-content\/uploads\/2024\/08\/fim-dirv-640w-300x200.webp 300w\" sizes=\"(max-width: 640px) 100vw, 640px\" \/>\n            <\/div>\n        <\/div><div class=\"eael-entry-wrapper\"><header class=\"eael-entry-header\"><h2 class=\"eael-entry-title\"><a class=\"eael-grid-post-link\" href=\"https:\/\/ficfigueiredo.com.br\/blog\/fim-da-dirf\/\" title=\"Fim da DIRF: como essa mudan\u00e7a impacta sua empresa\">Fim da DIRF: como essa mudan\u00e7a impacta sua empresa<\/a><\/h2><\/header><div class=\"eael-entry-content\">\n                        <div class=\"eael-grid-post-excerpt\"><p>A fiscaliza\u00e7\u00e3o das atividades empresariais em solo nacional demanda a...<\/p><a href=\"https:\/\/ficfigueiredo.com.br\/blog\/fim-da-dirf\/\" class=\"eael-post-elements-readmore-btn\">Ler Mais<\/a><\/div>\n                    <\/div><\/div><\/div>\n        <\/div>\n    <\/article><article class=\"eael-grid-post  eael-post-grid-column eael-pg-post-1523 category-uncategorized\" data-id=\"1523\">\n        <div class=\"eael-grid-post-holder\">\n            <div class=\"eael-grid-post-holder-inner\"><div class=\"eael-entry-media\"><div class=\"eael-entry-overlay fade-in\"><i class=\"fas fa-long-arrow-alt-right\" aria-hidden=\"true\"><\/i><a href=\"https:\/\/ficfigueiredo.com.br\/blog\/contabilidade-gerencial-importancia\/\"><\/a><\/div><div class=\"eael-entry-thumbnail \">\n                <img loading=\"lazy\" decoding=\"async\" width=\"640\" height=\"427\" src=\"https:\/\/ficfigueiredo.com.br\/blog\/wp-content\/uploads\/2024\/08\/contabilidade-gerencial-importancia-640w.webp\" class=\"attachment-full size-full wp-image-1524\" alt=\"\" srcset=\"https:\/\/ficfigueiredo.com.br\/blog\/wp-content\/uploads\/2024\/08\/contabilidade-gerencial-importancia-640w.webp 640w, https:\/\/ficfigueiredo.com.br\/blog\/wp-content\/uploads\/2024\/08\/contabilidade-gerencial-importancia-640w-300x200.webp 300w\" sizes=\"(max-width: 640px) 100vw, 640px\" \/>\n            <\/div>\n        <\/div><div class=\"eael-entry-wrapper\"><header class=\"eael-entry-header\"><h2 class=\"eael-entry-title\"><a class=\"eael-grid-post-link\" href=\"https:\/\/ficfigueiredo.com.br\/blog\/contabilidade-gerencial-importancia\/\" title=\"Contabilidade Gerencial: entenda para que serve e sua import\u00e2ncia\">Contabilidade Gerencial: entenda para que serve e sua import\u00e2ncia<\/a><\/h2><\/header><div class=\"eael-entry-content\">\n                        <div class=\"eael-grid-post-excerpt\"><p>Que a contabilidade \u00e9 uma ferramenta indispens\u00e1vel para o bom...<\/p><a href=\"https:\/\/ficfigueiredo.com.br\/blog\/contabilidade-gerencial-importancia\/\" class=\"eael-post-elements-readmore-btn\">Ler Mais<\/a><\/div>\n                    <\/div><\/div><\/div>\n        <\/div>\n    <\/article><article class=\"eael-grid-post  eael-post-grid-column eael-pg-post-1517 category-uncategorized\" data-id=\"1517\">\n        <div class=\"eael-grid-post-holder\">\n            <div class=\"eael-grid-post-holder-inner\"><div class=\"eael-entry-media\"><div class=\"eael-entry-overlay fade-in\"><i class=\"fas fa-long-arrow-alt-right\" aria-hidden=\"true\"><\/i><a href=\"https:\/\/ficfigueiredo.com.br\/blog\/simples-nacional-impostos-como-calcular\/\"><\/a><\/div><div class=\"eael-entry-thumbnail \">\n                <img loading=\"lazy\" decoding=\"async\" width=\"640\" height=\"427\" src=\"https:\/\/ficfigueiredo.com.br\/blog\/wp-content\/uploads\/2024\/08\/simples-nacional-impostos-como-calcular-640w.webp\" class=\"attachment-full size-full wp-image-1518\" alt=\"\" srcset=\"https:\/\/ficfigueiredo.com.br\/blog\/wp-content\/uploads\/2024\/08\/simples-nacional-impostos-como-calcular-640w.webp 640w, https:\/\/ficfigueiredo.com.br\/blog\/wp-content\/uploads\/2024\/08\/simples-nacional-impostos-como-calcular-640w-300x200.webp 300w\" sizes=\"(max-width: 640px) 100vw, 640px\" \/>\n            <\/div>\n        <\/div><div class=\"eael-entry-wrapper\"><header class=\"eael-entry-header\"><h2 class=\"eael-entry-title\"><a class=\"eael-grid-post-link\" href=\"https:\/\/ficfigueiredo.com.br\/blog\/simples-nacional-impostos-como-calcular\/\" title=\"Simples Nacional: quais os impostos, anexos e como calcular?\">Simples Nacional: quais os impostos, anexos e como calcular?<\/a><\/h2><\/header><div class=\"eael-entry-content\">\n                        <div class=\"eael-grid-post-excerpt\"><p>O Simples Nacional \u00e9 um dos regimes tribut\u00e1rios dispon\u00edveis para...<\/p><a href=\"https:\/\/ficfigueiredo.com.br\/blog\/simples-nacional-impostos-como-calcular\/\" class=\"eael-post-elements-readmore-btn\">Ler Mais<\/a><\/div>\n                    <\/div><\/div><\/div>\n        <\/div>\n    <\/article><\/div>\n            <div class=\"clearfix\"><\/div>\n        <\/div>\t\t\t\t<\/div>\n\t\t\t\t<\/div>\n\t\t\t\t\t<\/div>\n\t\t\t\t<\/div>\n\t\t\t\t<\/div>\n\t\t","protected":false},"excerpt":{"rendered":"<p>Conte\u00fados Exclusivos para voc\u00ea: Acesse o nosso blog e tenha acesso a diversos artigos e not\u00edcia sobre as novidades do mundo empresarial! Sobre a Reforma Tribut\u00e1ria no Brasil Afinal, quais s\u00e3o as propostas na Reforma Tribut\u00e1ria? A reforma&#8230; Ler Mais Imposto para dentista e outros profissionais da \u00e1rea da sa\u00fade In\u00edcio de ano e a [&hellip;]<\/p>\n","protected":false},"author":3,"featured_media":0,"parent":0,"menu_order":0,"comment_status":"closed","ping_status":"closed","template":"elementor_header_footer","meta":{"_joinchat":[],"footnotes":""},"class_list":["post-884","page","type-page","status-publish","hentry"],"yoast_head":"<!-- This site is optimized with the Yoast SEO plugin v27.6 - https:\/\/yoast.com\/product\/yoast-seo-wordpress\/ -->\n<title>Blog de Contabilidade em S\u00e3o Paulo - SP | Fic Figueiredo<\/title>\n<meta name=\"description\" content=\"Trabalharemos com todas as suas necessidades fiscais, cont\u00e1beis e trabalhistas, para que voc\u00ea possa se concentrar nos seus neg\u00f3cios em S\u00e3o Paulo - SP.\" \/>\n<meta name=\"robots\" content=\"index, follow, max-snippet:-1, max-image-preview:large, max-video-preview:-1\" \/>\n<link rel=\"canonical\" href=\"https:\/\/ficfigueiredo.com.br\/blog\/\" \/>\n<meta property=\"og:locale\" content=\"pt_PT\" \/>\n<meta property=\"og:type\" content=\"article\" \/>\n<meta property=\"og:title\" content=\"Blog de Contabilidade em S\u00e3o Paulo - SP | Fic Figueiredo\" \/>\n<meta property=\"og:description\" content=\"Trabalharemos com todas as suas necessidades fiscais, cont\u00e1beis e trabalhistas, para que voc\u00ea possa se concentrar nos seus neg\u00f3cios em S\u00e3o Paulo - SP.\" \/>\n<meta property=\"og:url\" content=\"https:\/\/ficfigueiredo.com.br\/blog\/\" \/>\n<meta property=\"og:site_name\" content=\"Fic Figueiredo\" \/>\n<meta property=\"article:modified_time\" content=\"2024-08-25T18:40:33+00:00\" \/>\n<meta name=\"twitter:card\" content=\"summary_large_image\" \/>\n<meta name=\"twitter:label1\" content=\"Tempo estimado de leitura\" \/>\n\t<meta name=\"twitter:data1\" content=\"1 minuto\" \/>\n<script type=\"application\/ld+json\" class=\"yoast-schema-graph\">{\"@context\":\"https:\\\/\\\/schema.org\",\"@graph\":[{\"@type\":\"WebPage\",\"@id\":\"https:\\\/\\\/ficfigueiredo.com.br\\\/blog\\\/\",\"url\":\"https:\\\/\\\/ficfigueiredo.com.br\\\/blog\\\/\",\"name\":\"Blog de Contabilidade em S\u00e3o Paulo - SP | Fic Figueiredo\",\"isPartOf\":{\"@id\":\"https:\\\/\\\/ficfigueiredo.com.br\\\/blog\\\/#website\"},\"datePublished\":\"2024-01-27T22:33:05+00:00\",\"dateModified\":\"2024-08-25T18:40:33+00:00\",\"description\":\"Trabalharemos com todas as suas necessidades fiscais, cont\u00e1beis e trabalhistas, para que voc\u00ea possa se concentrar nos seus neg\u00f3cios em S\u00e3o Paulo - SP.\",\"breadcrumb\":{\"@id\":\"https:\\\/\\\/ficfigueiredo.com.br\\\/blog\\\/#breadcrumb\"},\"inLanguage\":\"pt-PT\",\"potentialAction\":[{\"@type\":\"ReadAction\",\"target\":[\"https:\\\/\\\/ficfigueiredo.com.br\\\/blog\\\/\"]}]},{\"@type\":\"BreadcrumbList\",\"@id\":\"https:\\\/\\\/ficfigueiredo.com.br\\\/blog\\\/#breadcrumb\",\"itemListElement\":[{\"@type\":\"ListItem\",\"position\":1,\"name\":\"In\u00edcio\",\"item\":\"https:\\\/\\\/ficfigueiredo.com.br\\\/blog\\\/\"},{\"@type\":\"ListItem\",\"position\":2,\"name\":\"Blog\"}]},{\"@type\":\"WebSite\",\"@id\":\"https:\\\/\\\/ficfigueiredo.com.br\\\/blog\\\/#website\",\"url\":\"https:\\\/\\\/ficfigueiredo.com.br\\\/blog\\\/\",\"name\":\"Fic Figueiredo\",\"description\":\"Escrit\u00f3rio de Contabilidade em S\u00e3o Paulo \u2013 SP\",\"potentialAction\":[{\"@type\":\"SearchAction\",\"target\":{\"@type\":\"EntryPoint\",\"urlTemplate\":\"https:\\\/\\\/ficfigueiredo.com.br\\\/blog\\\/?s={search_term_string}\"},\"query-input\":{\"@type\":\"PropertyValueSpecification\",\"valueRequired\":true,\"valueName\":\"search_term_string\"}}],\"inLanguage\":\"pt-PT\"}]}<\/script>\n<!-- \/ Yoast SEO plugin. -->","yoast_head_json":{"title":"Blog de Contabilidade em S\u00e3o Paulo - SP | Fic Figueiredo","description":"Trabalharemos com todas as suas necessidades fiscais, cont\u00e1beis e trabalhistas, para que voc\u00ea possa se concentrar nos seus neg\u00f3cios em S\u00e3o Paulo - SP.","robots":{"index":"index","follow":"follow","max-snippet":"max-snippet:-1","max-image-preview":"max-image-preview:large","max-video-preview":"max-video-preview:-1"},"canonical":"https:\/\/ficfigueiredo.com.br\/blog\/","og_locale":"pt_PT","og_type":"article","og_title":"Blog de Contabilidade em S\u00e3o Paulo - SP | Fic Figueiredo","og_description":"Trabalharemos com todas as suas necessidades fiscais, cont\u00e1beis e trabalhistas, para que voc\u00ea possa se concentrar nos seus neg\u00f3cios em S\u00e3o Paulo - SP.","og_url":"https:\/\/ficfigueiredo.com.br\/blog\/","og_site_name":"Fic Figueiredo","article_modified_time":"2024-08-25T18:40:33+00:00","twitter_card":"summary_large_image","twitter_misc":{"Tempo estimado de leitura":"1 minuto"},"schema":{"@context":"https:\/\/schema.org","@graph":[{"@type":"WebPage","@id":"https:\/\/ficfigueiredo.com.br\/blog\/","url":"https:\/\/ficfigueiredo.com.br\/blog\/","name":"Blog de Contabilidade em S\u00e3o Paulo - SP | Fic Figueiredo","isPartOf":{"@id":"https:\/\/ficfigueiredo.com.br\/blog\/#website"},"datePublished":"2024-01-27T22:33:05+00:00","dateModified":"2024-08-25T18:40:33+00:00","description":"Trabalharemos com todas as suas necessidades fiscais, cont\u00e1beis e trabalhistas, para que voc\u00ea possa se concentrar nos seus neg\u00f3cios em S\u00e3o Paulo - SP.","breadcrumb":{"@id":"https:\/\/ficfigueiredo.com.br\/blog\/#breadcrumb"},"inLanguage":"pt-PT","potentialAction":[{"@type":"ReadAction","target":["https:\/\/ficfigueiredo.com.br\/blog\/"]}]},{"@type":"BreadcrumbList","@id":"https:\/\/ficfigueiredo.com.br\/blog\/#breadcrumb","itemListElement":[{"@type":"ListItem","position":1,"name":"In\u00edcio","item":"https:\/\/ficfigueiredo.com.br\/blog\/"},{"@type":"ListItem","position":2,"name":"Blog"}]},{"@type":"WebSite","@id":"https:\/\/ficfigueiredo.com.br\/blog\/#website","url":"https:\/\/ficfigueiredo.com.br\/blog\/","name":"Fic Figueiredo","description":"Escrit\u00f3rio de Contabilidade em S\u00e3o Paulo \u2013 SP","potentialAction":[{"@type":"SearchAction","target":{"@type":"EntryPoint","urlTemplate":"https:\/\/ficfigueiredo.com.br\/blog\/?s={search_term_string}"},"query-input":{"@type":"PropertyValueSpecification","valueRequired":true,"valueName":"search_term_string"}}],"inLanguage":"pt-PT"}]}},"_links":{"self":[{"href":"https:\/\/ficfigueiredo.com.br\/blog\/wp-json\/wp\/v2\/pages\/884","targetHints":{"allow":["GET"]}}],"collection":[{"href":"https:\/\/ficfigueiredo.com.br\/blog\/wp-json\/wp\/v2\/pages"}],"about":[{"href":"https:\/\/ficfigueiredo.com.br\/blog\/wp-json\/wp\/v2\/types\/page"}],"author":[{"embeddable":true,"href":"https:\/\/ficfigueiredo.com.br\/blog\/wp-json\/wp\/v2\/users\/3"}],"replies":[{"embeddable":true,"href":"https:\/\/ficfigueiredo.com.br\/blog\/wp-json\/wp\/v2\/comments?post=884"}],"version-history":[{"count":19,"href":"https:\/\/ficfigueiredo.com.br\/blog\/wp-json\/wp\/v2\/pages\/884\/revisions"}],"predecessor-version":[{"id":1373,"href":"https:\/\/ficfigueiredo.com.br\/blog\/wp-json\/wp\/v2\/pages\/884\/revisions\/1373"}],"wp:attachment":[{"href":"https:\/\/ficfigueiredo.com.br\/blog\/wp-json\/wp\/v2\/media?parent=884"}],"curies":[{"name":"wp","href":"https:\/\/api.w.org\/{rel}","templated":true}]}}